{"id":2,"date":"2020-04-30T17:56:23","date_gmt":"2020-04-30T17:56:23","guid":{"rendered":"http:\/\/localhost\/boilerplate\/?page_id=2"},"modified":"2023-09-25T18:17:22","modified_gmt":"2023-09-25T18:17:22","slug":"inicio","status":"publish","type":"page","link":"https:\/\/elpatriotavive.mx\/torreverde\/","title":{"rendered":"Inicio"},"content":{"rendered":"","protected":false},"excerpt":{"rendered":"","protected":false},"author":1,"featured_media":0,"parent":0,"menu_order":0,"comment_status":"closed","ping_status":"open","template":"page-templates\/01. Inicio.php","meta":{"footnotes":""},"class_list":["post-2","page","type-page","status-publish","hentry"],"yoast_head":"<!-- This site is optimized with the Yoast SEO plugin v23.8 - https:\/\/yoast.com\/wordpress\/plugins\/seo\/ -->\n<title>Torre Verde | Departamentos para inversi\u00f3n en renta inmobiliaria<\/title>\n<meta name=\"description\" content=\"Departamentos de 2 a 4 rec\u00e1maras para inversi\u00f3n en renta inmobiliaria a 4 minutos de la UANL con un rendimiento promedio del 12% anual.\" \/>\n<meta name=\"robots\" content=\"index, follow, max-snippet:-1, max-image-preview:large, max-video-preview:-1\" \/>\n<link rel=\"canonical\" href=\"https:\/\/elpatriotavive.mx\/torreverde\/\" \/>\n<meta property=\"og:locale\" content=\"es_MX\" \/>\n<meta property=\"og:type\" content=\"article\" \/>\n<meta property=\"og:title\" content=\"Torre Verde | Departamentos para inversi\u00f3n en renta inmobiliaria\" \/>\n<meta property=\"og:description\" content=\"Departamentos de 2 a 4 rec\u00e1maras para inversi\u00f3n en renta inmobiliaria a 4 minutos de la UANL con un rendimiento promedio del 12% anual.\" \/>\n<meta property=\"og:url\" content=\"https:\/\/elpatriotavive.mx\/torreverde\/\" \/>\n<meta property=\"og:site_name\" content=\"Torre Verde\" \/>\n<meta property=\"article:modified_time\" content=\"2023-09-25T18:17:22+00:00\" \/>\n<meta name=\"twitter:card\" content=\"summary_large_image\" \/>\n<script type=\"application\/ld+json\" class=\"yoast-schema-graph\">{\"@context\":\"https:\/\/schema.org\",\"@graph\":[{\"@type\":\"WebPage\",\"@id\":\"https:\/\/elpatriotavive.mx\/torreverde\/\",\"url\":\"https:\/\/elpatriotavive.mx\/torreverde\/\",\"name\":\"Torre Verde | Departamentos para inversi\u00f3n en renta inmobiliaria\",\"isPartOf\":{\"@id\":\"https:\/\/elpatriotavive.mx\/torreverde\/#website\"},\"datePublished\":\"2020-04-30T17:56:23+00:00\",\"dateModified\":\"2023-09-25T18:17:22+00:00\",\"description\":\"Departamentos de 2 a 4 rec\u00e1maras para inversi\u00f3n en renta inmobiliaria a 4 minutos de la UANL con un rendimiento promedio del 12% anual.\",\"breadcrumb\":{\"@id\":\"https:\/\/elpatriotavive.mx\/torreverde\/#breadcrumb\"},\"inLanguage\":\"es\",\"potentialAction\":[{\"@type\":\"ReadAction\",\"target\":[\"https:\/\/elpatriotavive.mx\/torreverde\/\"]}]},{\"@type\":\"BreadcrumbList\",\"@id\":\"https:\/\/elpatriotavive.mx\/torreverde\/#breadcrumb\",\"itemListElement\":[{\"@type\":\"ListItem\",\"position\":1,\"name\":\"Inicio\",\"item\":\"https:\/\/elpatriotavive.mx\/torreverde\/\"},{\"@type\":\"ListItem\",\"position\":2,\"name\":\"Inicio\"}]},{\"@type\":\"WebSite\",\"@id\":\"https:\/\/elpatriotavive.mx\/torreverde\/#website\",\"url\":\"https:\/\/elpatriotavive.mx\/torreverde\/\",\"name\":\"Torre Verde\",\"description\":\"Departamentos de 2 a 4 rec\u00e1maras para inversi\u00f3n en renta inmobiliaria a 4 minutos de la UANL con un rendimiento promedio del 12% anual.\",\"potentialAction\":[{\"@type\":\"SearchAction\",\"target\":{\"@type\":\"EntryPoint\",\"urlTemplate\":\"https:\/\/elpatriotavive.mx\/torreverde\/?s={search_term_string}\"},\"query-input\":{\"@type\":\"PropertyValueSpecification\",\"valueRequired\":true,\"valueName\":\"search_term_string\"}}],\"inLanguage\":\"es\"}]}<\/script>\n<!-- \/ Yoast SEO plugin. -->","yoast_head_json":{"title":"Torre Verde | Departamentos para inversi\u00f3n en renta inmobiliaria","description":"Departamentos de 2 a 4 rec\u00e1maras para inversi\u00f3n en renta inmobiliaria a 4 minutos de la UANL con un rendimiento promedio del 12% anual.","robots":{"index":"index","follow":"follow","max-snippet":"max-snippet:-1","max-image-preview":"max-image-preview:large","max-video-preview":"max-video-preview:-1"},"canonical":"https:\/\/elpatriotavive.mx\/torreverde\/","og_locale":"es_MX","og_type":"article","og_title":"Torre Verde | Departamentos para inversi\u00f3n en renta inmobiliaria","og_description":"Departamentos de 2 a 4 rec\u00e1maras para inversi\u00f3n en renta inmobiliaria a 4 minutos de la UANL con un rendimiento promedio del 12% anual.","og_url":"https:\/\/elpatriotavive.mx\/torreverde\/","og_site_name":"Torre Verde","article_modified_time":"2023-09-25T18:17:22+00:00","twitter_card":"summary_large_image","schema":{"@context":"https:\/\/schema.org","@graph":[{"@type":"WebPage","@id":"https:\/\/elpatriotavive.mx\/torreverde\/","url":"https:\/\/elpatriotavive.mx\/torreverde\/","name":"Torre Verde | Departamentos para inversi\u00f3n en renta inmobiliaria","isPartOf":{"@id":"https:\/\/elpatriotavive.mx\/torreverde\/#website"},"datePublished":"2020-04-30T17:56:23+00:00","dateModified":"2023-09-25T18:17:22+00:00","description":"Departamentos de 2 a 4 rec\u00e1maras para inversi\u00f3n en renta inmobiliaria a 4 minutos de la UANL con un rendimiento promedio del 12% anual.","breadcrumb":{"@id":"https:\/\/elpatriotavive.mx\/torreverde\/#breadcrumb"},"inLanguage":"es","potentialAction":[{"@type":"ReadAction","target":["https:\/\/elpatriotavive.mx\/torreverde\/"]}]},{"@type":"BreadcrumbList","@id":"https:\/\/elpatriotavive.mx\/torreverde\/#breadcrumb","itemListElement":[{"@type":"ListItem","position":1,"name":"Inicio","item":"https:\/\/elpatriotavive.mx\/torreverde\/"},{"@type":"ListItem","position":2,"name":"Inicio"}]},{"@type":"WebSite","@id":"https:\/\/elpatriotavive.mx\/torreverde\/#website","url":"https:\/\/elpatriotavive.mx\/torreverde\/","name":"Torre Verde","description":"Departamentos de 2 a 4 rec\u00e1maras para inversi\u00f3n en renta inmobiliaria a 4 minutos de la UANL con un rendimiento promedio del 12% anual.","potentialAction":[{"@type":"SearchAction","target":{"@type":"EntryPoint","urlTemplate":"https:\/\/elpatriotavive.mx\/torreverde\/?s={search_term_string}"},"query-input":{"@type":"PropertyValueSpecification","valueRequired":true,"valueName":"search_term_string"}}],"inLanguage":"es"}]}},"_links":{"self":[{"href":"https:\/\/elpatriotavive.mx\/torreverde\/wp-json\/wp\/v2\/pages\/2"}],"collection":[{"href":"https:\/\/elpatriotavive.mx\/torreverde\/wp-json\/wp\/v2\/pages"}],"about":[{"href":"https:\/\/elpatriotavive.mx\/torreverde\/wp-json\/wp\/v2\/types\/page"}],"author":[{"embeddable":true,"href":"https:\/\/elpatriotavive.mx\/torreverde\/wp-json\/wp\/v2\/users\/1"}],"replies":[{"embeddable":true,"href":"https:\/\/elpatriotavive.mx\/torreverde\/wp-json\/wp\/v2\/comments?post=2"}],"version-history":[{"count":3,"href":"https:\/\/elpatriotavive.mx\/torreverde\/wp-json\/wp\/v2\/pages\/2\/revisions"}],"predecessor-version":[{"id":25,"href":"https:\/\/elpatriotavive.mx\/torreverde\/wp-json\/wp\/v2\/pages\/2\/revisions\/25"}],"wp:attachment":[{"href":"https:\/\/elpatriotavive.mx\/torreverde\/wp-json\/wp\/v2\/media?parent=2"}],"curies":[{"name":"wp","href":"https:\/\/api.w.org\/{rel}","templated":true}]}}